{"id":9,"date":"2026-01-16T20:12:20","date_gmt":"2026-01-16T18:12:20","guid":{"rendered":"https:\/\/2jl-informatique.fr\/?page_id=9"},"modified":"2026-03-05T14:16:41","modified_gmt":"2026-03-05T12:16:41","slug":"accueil","status":"publish","type":"page","link":"https:\/\/2jl-informatique.fr\/","title":{"rendered":"Accueil"},"content":{"rendered":"\n<div class=\"wp-block-cover alignfull\" style=\"min-height:800px;aspect-ratio:unset;\"><img decoding=\"async\" class=\"wp-block-cover__image-background\" alt=\"\" src=\"https:\/\/2jl-informatique.fr\/wp-content\/themes\/neve\/assets\/img\/starter-content\/neve-hero-2.png\" style=\"object-position:50% 72%\" data-object-fit=\"cover\" data-object-position=\"50% 72%\"\/><span aria-hidden=\"true\" class=\"wp-block-cover__background has-background-dim-0 has-background-dim\"><\/span><div class=\"wp-block-cover__inner-container is-layout-flow wp-block-cover-is-layout-flow\">\n<div class=\"wp-block-columns are-vertically-aligned-center is-layout-flex wp-container-core-columns-is-layout-9d6595d7 wp-block-columns-is-layout-flex\">\n<div class=\"wp-block-column is-vertically-aligned-center is-layout-flow wp-block-column-is-layout-flow\" style=\"padding-right:var(--wp--preset--spacing--20);padding-left:var(--wp--preset--spacing--20);flex-basis:65%\">\n<h1 class=\"wp-block-heading has-text-align-left has-nv-text-dark-bg-color has-text-color\"><strong>2JL Informatique<\/strong><\/h1>\n\n\n\n<p class=\"has-text-align-left has-nv-text-dark-bg-color has-text-color\" style=\"font-size:22px\">Votre entreprise de proximit\u00e9 du Jura en petite montagne pour la r\u00e9paration, l&rsquo;entretien, la formation et l&rsquo;assemblage de vos ordinateurs sous Windows.<br>A l&rsquo;atelier, \u00e0 distance ou \u00e0 domicile, contactez moi et choisissez la formule qui vous convient.<\/p>\n\n\n\n<div class=\"wp-block-buttons is-horizontal is-content-justification-left is-layout-flex wp-container-core-buttons-is-layout-7e5fce0a wp-block-buttons-is-layout-flex\">\n<div class=\"wp-block-button is-style-primary\"><a class=\"wp-block-button__link has-text-color has-background has-link-color wp-element-button\" href=\"https:\/\/2jl-informatique.fr\/index.php\/a-propos\/\" style=\"color:#0a2279;background-color:#ffffff\">A propos<\/a><\/div>\n\n\n\n<div class=\"wp-block-button is-style-secondary\"><a class=\"wp-block-button__link has-nv-text-dark-bg-color has-text-color has-link-color wp-element-button\" href=\"https:\/\/2jl-informatique.fr\/index.php\/contact\">contact<\/a><\/div>\n\n\n\n<div class=\"wp-block-button\"><a class=\"wp-block-button__link wp-element-button\" href=\"https:\/\/2jl-informatique.fr\/index.php\/tarifs\/\">Mes tarifs<\/a><\/div>\n<\/div>\n\n\n\n<div style=\"height:100px\" aria-hidden=\"true\" class=\"wp-block-spacer\"><\/div>\n<\/div>\n\n\n\n<div class=\"wp-block-column is-vertically-aligned-center is-layout-flow wp-block-column-is-layout-flow\"><div class=\"wp-block-image\">\n<figure class=\"aligncenter size-full\"><img loading=\"lazy\" decoding=\"async\" width=\"487\" height=\"600\" src=\"https:\/\/2jl-informatique.fr\/wp-content\/uploads\/2026\/01\/jerome-accueil-2.png\" alt=\"\" class=\"wp-image-366\" srcset=\"https:\/\/2jl-informatique.fr\/wp-content\/uploads\/2026\/01\/jerome-accueil-2.png 487w, https:\/\/2jl-informatique.fr\/wp-content\/uploads\/2026\/01\/jerome-accueil-2-244x300.png 244w\" sizes=\"auto, (max-width: 487px) 100vw, 487px\" \/><\/figure>\n<\/div><\/div>\n<\/div>\n<\/div><\/div>\n\n\n\n<div style=\"height:40px\" aria-hidden=\"true\" class=\"wp-block-spacer\"><\/div>\n\n\n\n<div class=\"wp-block-cover alignfull has-nv-text-dark-bg-color has-text-color has-link-color wp-elements-d99b9283bcc36594bd6edc8826d5823f\" style=\"min-height:527px;aspect-ratio:unset;\"><span aria-hidden=\"true\" class=\"wp-block-cover__background has-nv-dark-bg-background-color has-background-dim-100 has-background-dim\"><\/span><div class=\"wp-block-cover__inner-container is-layout-flow wp-block-cover-is-layout-flow\">\n<hr class=\"wp-block-separator has-alpha-channel-opacity\"\/>\n\n\n\n<div class=\"wp-block-group\"><div class=\"wp-block-group__inner-container is-layout-constrained wp-block-group-is-layout-constrained\">\n<div class=\"wp-block-columns is-layout-flex wp-container-core-columns-is-layout-9d6595d7 wp-block-columns-is-layout-flex\">\n<div class=\"wp-block-column is-layout-flow wp-block-column-is-layout-flow\" style=\"padding-right:var(--wp--preset--spacing--30);padding-left:var(--wp--preset--spacing--30);flex-basis:50%\"><div class=\"wp-block-image is-style-default\">\n<figure class=\"aligncenter size-full has-custom-border\"><img loading=\"lazy\" decoding=\"async\" width=\"1024\" height=\"683\" src=\"https:\/\/2jl-informatique.fr\/wp-content\/uploads\/2026\/01\/pc-repair-edinburgh.jpg\" alt=\"\" class=\"wp-image-254\" style=\"border-radius:16px\" srcset=\"https:\/\/2jl-informatique.fr\/wp-content\/uploads\/2026\/01\/pc-repair-edinburgh.jpg 1024w, https:\/\/2jl-informatique.fr\/wp-content\/uploads\/2026\/01\/pc-repair-edinburgh-300x200.jpg 300w, https:\/\/2jl-informatique.fr\/wp-content\/uploads\/2026\/01\/pc-repair-edinburgh-768x512.jpg 768w, https:\/\/2jl-informatique.fr\/wp-content\/uploads\/2026\/01\/pc-repair-edinburgh-930x620.jpg 930w\" sizes=\"auto, (max-width: 1024px) 100vw, 1024px\" \/><\/figure>\n<\/div><\/div>\n\n\n\n<div class=\"wp-block-column is-layout-flow wp-block-column-is-layout-flow\" style=\"flex-basis:50%\">\n<h2 class=\"wp-block-heading has-large-font-size\"><strong>Notre soci\u00e9t\u00e9 moderne nous incite trop souvent \u00e0 jeter pour remplacer. <\/strong><\/h2>\n\n\n\n<p class=\"has-medium-font-size\">A l&rsquo;image d&rsquo;un repair-caf\u00e9, je me suis toujours <strong>donn\u00e9 pour but de r\u00e9parer les choses<\/strong> tant que c&rsquo;\u00e9tait possible, car dans mon esprit de technicien c&rsquo;est une \u00e9vidence.<br><br>Parce que parfois, une simple soudure ou le remplacement d&rsquo;une seule pi\u00e8ce peut redonner vie \u00e0 un appareil pour plusieurs ann\u00e9es.<br> <br>Contactez moi, nous trouverons la meilleure solution \u00e0 apporter \u00e0 votre probl\u00e8me.<\/p>\n<\/div>\n<\/div>\n<\/div><\/div>\n\n\n\n<div class=\"wp-block-columns is-layout-flex wp-container-core-columns-is-layout-9d6595d7 wp-block-columns-is-layout-flex\">\n<div class=\"wp-block-column is-layout-flow wp-block-column-is-layout-flow\">\n<div class=\"wp-block-buttons is-layout-flex wp-block-buttons-is-layout-flex\"><\/div>\n<\/div>\n<\/div>\n\n\n\n<div style=\"height:0px\" aria-hidden=\"true\" class=\"wp-block-spacer\"><\/div>\n<\/div><\/div>\n\n\n\n<div class=\"wp-block-columns is-layout-flex wp-container-core-columns-is-layout-9d6595d7 wp-block-columns-is-layout-flex\">\n<div class=\"wp-block-column neve-duotone is-layout-flow wp-block-column-is-layout-flow\" style=\"padding-right:var(--wp--preset--spacing--30);padding-left:var(--wp--preset--spacing--30)\"><div class=\"wp-block-image icon-style is-style-default wp-duotone-unset-1\">\n<figure class=\"aligncenter size-full has-custom-border\"><img decoding=\"async\" src=\"https:\/\/2jl-informatique.fr\/wp-content\/themes\/neve\/assets\/img\/starter-content\/neve-marketing-icon-1.png\" alt=\"\" style=\"border-radius:0px\" title=\"\"\/><\/figure>\n<\/div>\n\n\n<div style=\"height:16px\" aria-hidden=\"true\" class=\"wp-block-spacer\"><\/div>\n\n\n\n<h3 class=\"wp-block-heading has-text-align-center has-neve-text-color-color has-text-color has-large-font-size\">Assistance, maintenance et D\u00e9pannage informatique<\/h3>\n\n\n\n<p class=\"has-text-align-center has-medium-font-size\">Vous n&rsquo;en pouvez plus des Pubs ? Il existe des m\u00e9thodes pour s&rsquo;en d\u00e9barrasser sur ordinateur et t\u00e9l\u00e9phone.<br>Ordinateur en panne, bloqu\u00e9, trop lent, probl\u00e8mes de syst\u00e8me d\u2019exploitation ou de de logiciels, connexion Internet, r\u00e9cup\u00e9ration des donn\u00e9es effac\u00e9es, suppression de virus\u2026 Je d\u00e9panne tous types d\u2019ordinateurs PC, portables.<\/p>\n\n\n\n<div style=\"height:20px\" aria-hidden=\"true\" class=\"wp-block-spacer\"><\/div>\n<\/div>\n\n\n\n<div class=\"wp-block-column is-layout-flow wp-block-column-is-layout-flow\" style=\"padding-right:var(--wp--preset--spacing--30);padding-left:var(--wp--preset--spacing--30)\"><div class=\"wp-block-image icon-style is-style-default\">\n<figure class=\"aligncenter size-full has-custom-border\"><img decoding=\"async\" src=\"https:\/\/2jl-informatique.fr\/wp-content\/themes\/neve\/assets\/img\/starter-content\/neve-marketing-icon-4.1.png\" alt=\"\" style=\"border-radius:0px\" title=\"\"\/><\/figure>\n<\/div>\n\n\n<div style=\"height:16px\" aria-hidden=\"true\" class=\"wp-block-spacer\"><\/div>\n\n\n\n<h3 class=\"wp-block-heading has-text-align-center has-neve-text-color-color has-text-color has-large-font-size\">Installation&nbsp; \u00e0 domicile<\/h3>\n\n\n\n<p class=\"has-text-align-center has-medium-font-size\">Votre ordinateur est neuf ? Vous venez d\u2019acqu\u00e9rir une imprimante ? Comment installer l\u2019antivirus ? Vous avez re\u00e7u votre \u00ab Box \u00bb ? N\u2019h\u00e9sitez-pas \u00e0 me confier son installation.<\/p>\n\n\n\n<div style=\"height:20px\" aria-hidden=\"true\" class=\"wp-block-spacer\"><\/div>\n<\/div>\n\n\n\n<div class=\"wp-block-column is-layout-flow wp-block-column-is-layout-flow\" style=\"padding-right:var(--wp--preset--spacing--30);padding-left:var(--wp--preset--spacing--30)\"><div class=\"wp-block-image icon-style is-style-default wp-duotone-unset-2\">\n<figure class=\"aligncenter size-full has-custom-border\"><img decoding=\"async\" src=\"https:\/\/2jl-informatique.fr\/wp-content\/themes\/neve\/assets\/img\/starter-content\/neve-marketing-icon-3.1.png\" alt=\"\" style=\"border-radius:0px\" title=\"\"\/><\/figure>\n<\/div>\n\n\n<div style=\"height:16px\" aria-hidden=\"true\" class=\"wp-block-spacer\"><\/div>\n\n\n\n<h3 class=\"wp-block-heading has-text-align-center has-neve-text-color-color has-text-color has-large-font-size\">Formations informatique<\/h3>\n\n\n\n<p class=\"has-text-align-center has-medium-font-size\">Je vous d\u00e9livre des cours d\u2019initiation \u00e0 l\u2019informatique sur Windows ou Android. Une formation \u00e0 votre rythme, avec un langage compr\u00e9hensible pour apprendre \u00e0 utiliser Word, Excel, Outlook, Google chrome, Windows ou encore votre t\u00e9l\u00e9phone. <br>Ecrire des messages \u00e9lectroniques, effectuer un appel vid\u00e9o avec Skype\/Zoom\/Discord&rsquo;utiliser les r\u00e9seaux sociaux\u2026.<\/p>\n\n\n\n<div style=\"height:20px\" aria-hidden=\"true\" class=\"wp-block-spacer\"><\/div>\n<\/div>\n\n\n\n<div class=\"wp-block-column is-layout-flow wp-block-column-is-layout-flow\" style=\"padding-right:var(--wp--preset--spacing--30);padding-left:var(--wp--preset--spacing--30)\"><div class=\"wp-block-image icon-style is-style-default wp-duotone-unset-3\">\n<figure class=\"aligncenter size-full has-custom-border\"><img decoding=\"async\" src=\"https:\/\/2jl-informatique.fr\/wp-content\/themes\/neve\/assets\/img\/starter-content\/neve-marketing-icon-2.png\" alt=\"\" style=\"border-radius:0px\" title=\"\"\/><\/figure>\n<\/div>\n\n\n<div style=\"height:16px\" aria-hidden=\"true\" class=\"wp-block-spacer\"><\/div>\n\n\n\n<h3 class=\"wp-block-heading has-text-align-center has-neve-text-color-color has-text-color has-large-font-size\">Internet 4G\/5G<\/h3>\n\n\n\n<p class=\"has-text-align-center has-medium-font-size\">Pas d&rsquo;acc\u00e8s \u00e0 la fibre ? Acc\u00e9dez au haut d\u00e9bit&nbsp;!! (Adsl, satellite)<br>Contactez moi pour tout renseignement ou audit de performance d\u2019une solution internet 4G, via l\u2019installation d\u2019une box et si besoin d\u2019une antenne d\u00e9port\u00e9e adapt\u00e9e aux conditions topographiques de votre domicile, m\u00eame en zone mal couverte&nbsp;!<\/p>\n\n\n\n<div style=\"height:20px\" aria-hidden=\"true\" class=\"wp-block-spacer\"><\/div>\n<\/div>\n<\/div>\n\n\n\n<div class=\"wp-block-cover alignfull has-nv-text-dark-bg-color has-text-color has-link-color wp-elements-d5fafcdbc8ec4069529797e744cba019\" style=\"min-height:527px;aspect-ratio:unset;\"><span aria-hidden=\"true\" class=\"wp-block-cover__background has-nv-dark-bg-background-color has-background-dim-100 has-background-dim\"><\/span><div class=\"wp-block-cover__inner-container is-layout-flow wp-block-cover-is-layout-flow\">\n<hr class=\"wp-block-separator has-alpha-channel-opacity\"\/>\n\n\n\n<div class=\"wp-block-group\"><div class=\"wp-block-group__inner-container is-layout-constrained wp-block-group-is-layout-constrained\">\n<div class=\"wp-block-columns is-layout-flex wp-container-core-columns-is-layout-9d6595d7 wp-block-columns-is-layout-flex\">\n<div class=\"wp-block-column is-layout-flow wp-block-column-is-layout-flow\" style=\"padding-right:var(--wp--preset--spacing--30);padding-left:var(--wp--preset--spacing--30);flex-basis:50%\"><div class=\"wp-block-image is-style-default\">\n<figure class=\"aligncenter size-full has-custom-border\"><img loading=\"lazy\" decoding=\"async\" width=\"800\" height=\"450\" src=\"https:\/\/2jl-informatique.fr\/wp-content\/uploads\/2026\/03\/Capture.png\" alt=\"\" class=\"wp-image-422\" style=\"border-radius:16px\" srcset=\"https:\/\/2jl-informatique.fr\/wp-content\/uploads\/2026\/03\/Capture.png 800w, https:\/\/2jl-informatique.fr\/wp-content\/uploads\/2026\/03\/Capture-300x169.png 300w, https:\/\/2jl-informatique.fr\/wp-content\/uploads\/2026\/03\/Capture-768x432.png 768w\" sizes=\"auto, (max-width: 800px) 100vw, 800px\" \/><\/figure>\n<\/div><\/div>\n\n\n\n<div class=\"wp-block-column is-layout-flow wp-block-column-is-layout-flow\" style=\"flex-basis:50%\">\n<h2 class=\"wp-block-heading has-large-font-size\"><strong>R\u00e9cup\u00e9ration de donn\u00e9es<\/strong><\/h2>\n\n\n\n<p class=\"has-medium-font-size\">Votre disque dur, cl\u00e9 USB ou carte SD est illisible ? Il est possible de tenter une r\u00e9cup\u00e9ration des donn\u00e9es, tant que la partie \u00e9lectronique\/m\u00e9canique n&rsquo;est pas touch\u00e9e.<br><br>Ci-contre, r\u00e9cup\u00e9ration de donn\u00e9es sur une carte SD d&rsquo;un t\u00e9l\u00e9phone portable dont la partition avait disparu. 64Go r\u00e9cup\u00e9r\u00e9s, dont des fichiers effac\u00e9s depuis 2 ans. (rien ne disparait totalement, pensez y lorsque vous jetez vos vieux appareils)<\/p>\n\n\n\n<p class=\"has-medium-font-size\"><\/p>\n<\/div>\n<\/div>\n<\/div><\/div>\n\n\n\n<div class=\"wp-block-columns is-layout-flex wp-container-core-columns-is-layout-9d6595d7 wp-block-columns-is-layout-flex\">\n<div class=\"wp-block-column is-layout-flow wp-block-column-is-layout-flow\">\n<div class=\"wp-block-buttons is-content-justification-center is-layout-flex wp-container-core-buttons-is-layout-16018d1d wp-block-buttons-is-layout-flex\">\n<div class=\"wp-block-button\"><a class=\"wp-block-button__link wp-element-button\">Et surtout, pensez \u00e0 sauvegarder r\u00e9guli\u00e8rement ! <\/a><\/div>\n<\/div>\n<\/div>\n<\/div>\n\n\n\n<div style=\"height:0px\" aria-hidden=\"true\" class=\"wp-block-spacer\"><\/div>\n<\/div><\/div>\n","protected":false},"excerpt":{"rendered":"<p>Assistance, maintenance et D\u00e9pannage informatique Vous n&rsquo;en pouvez plus des Pubs ? Il existe des m\u00e9thodes pour s&rsquo;en d\u00e9barrasser sur ordinateur et t\u00e9l\u00e9phone.Ordinateur en panne, bloqu\u00e9, trop lent, probl\u00e8mes de syst\u00e8me d\u2019exploitation ou de de logiciels, connexion Internet, r\u00e9cup\u00e9ration des donn\u00e9es effac\u00e9es, suppression de virus\u2026 Je d\u00e9panne tous types d\u2019ordinateurs PC, portables. Installation&nbsp; \u00e0 domicile&hellip;&nbsp;<a href=\"https:\/\/2jl-informatique.fr\/\" rel=\"bookmark\"><span class=\"screen-reader-text\">Accueil<\/span><\/a><\/p>\n","protected":false},"author":1,"featured_media":0,"parent":0,"menu_order":0,"comment_status":"closed","ping_status":"closed","template":"","meta":{"neve_meta_sidebar":"","neve_meta_container":"","neve_meta_enable_content_width":"on","neve_meta_content_width":100,"neve_meta_title_alignment":"","neve_meta_author_avatar":"","neve_post_elements_order":"","neve_meta_disable_header":"","neve_meta_disable_footer":"","neve_meta_disable_title":"on","footnotes":""},"class_list":["post-9","page","type-page","status-publish","hentry"],"_links":{"self":[{"href":"https:\/\/2jl-informatique.fr\/index.php\/wp-json\/wp\/v2\/pages\/9","targetHints":{"allow":["GET"]}}],"collection":[{"href":"https:\/\/2jl-informatique.fr\/index.php\/wp-json\/wp\/v2\/pages"}],"about":[{"href":"https:\/\/2jl-informatique.fr\/index.php\/wp-json\/wp\/v2\/types\/page"}],"author":[{"embeddable":true,"href":"https:\/\/2jl-informatique.fr\/index.php\/wp-json\/wp\/v2\/users\/1"}],"replies":[{"embeddable":true,"href":"https:\/\/2jl-informatique.fr\/index.php\/wp-json\/wp\/v2\/comments?post=9"}],"version-history":[{"count":47,"href":"https:\/\/2jl-informatique.fr\/index.php\/wp-json\/wp\/v2\/pages\/9\/revisions"}],"predecessor-version":[{"id":425,"href":"https:\/\/2jl-informatique.fr\/index.php\/wp-json\/wp\/v2\/pages\/9\/revisions\/425"}],"wp:attachment":[{"href":"https:\/\/2jl-informatique.fr\/index.php\/wp-json\/wp\/v2\/media?parent=9"}],"curies":[{"name":"wp","href":"https:\/\/api.w.org\/{rel}","templated":true}]}}