{"id":13,"date":"2026-01-16T20:12:20","date_gmt":"2026-01-16T18:12:20","guid":{"rendered":"https:\/\/2jl-informatique.fr\/?page_id=13"},"modified":"2026-01-27T15:42:55","modified_gmt":"2026-01-27T13:42:55","slug":"tarifs","status":"publish","type":"page","link":"https:\/\/2jl-informatique.fr\/index.php\/tarifs\/","title":{"rendered":"Tarifs"},"content":{"rendered":"\n<div class=\"wp-block-cover wp-duotone-unset-2\" style=\"min-height:320px;aspect-ratio:unset;\"><span aria-hidden=\"true\" class=\"wp-block-cover__background has-nv-site-bg-background-color has-background-dim-100 has-background-dim\"><\/span><div class=\"wp-block-cover__inner-container is-layout-flow wp-block-cover-is-layout-flow\">\n<div class=\"wp-block-group\" style=\"padding-right:var(--wp--preset--spacing--30);padding-left:var(--wp--preset--spacing--30)\"><div class=\"wp-block-group__inner-container is-layout-flow wp-block-group-is-layout-flow\">\n<div class=\"wp-block-columns are-vertically-aligned-center is-layout-flex wp-container-core-columns-is-layout-9d6595d7 wp-block-columns-is-layout-flex\">\n<div class=\"wp-block-column is-vertically-aligned-center is-layout-flow wp-block-column-is-layout-flow\" style=\"flex-basis:70%\">\n<div style=\"height:24px\" aria-hidden=\"true\" class=\"wp-block-spacer\"><\/div>\n\n\n\n<h1 class=\"wp-block-heading has-text-align-left has-neve-text-color-color has-text-color\">Tarification<\/h1>\n\n\n\n<p class=\"has-text-align-left has-neve-text-color-color has-text-color\" style=\"font-size:22px\">Je vous propose le d\u00e9pannage informatique dans mon atelier, \u00e0 distance ou \u00e0 domicile de votre ordinateur PC, ordinateur portable ou de votre t\u00e9l\u00e9phone Android, suivant une facturation initiale \u00e0 l&rsquo;heure, puis \u00e0 la demi-heure.<br><strong>Taux horaire <mark style=\"background-color:rgba(0, 0, 0, 0)\" class=\"has-inline-color has-nv-c-2-color\">atelier et d\u00e9placement<\/mark> 1<sup>\u00e8re<\/sup> heure indivisible&nbsp;:<\/strong> 45\u20ac<br><strong>puis facturation \u00e0 la 1\/2 d\u2019heure :<\/strong> 20\u20ac <br><br><strong>Tarif contr\u00f4le <mark style=\"background-color:rgba(0, 0, 0, 0)\" class=\"has-inline-color has-nv-c-2-color\">\u00e0 distance<\/mark> <\/strong> <strong>demi-heure&nbsp;:<\/strong> 25\u20ac<br><strong>Tarif <strong>contr\u00f4le \u00e0 distance<\/strong><\/strong> <strong>une heure :<\/strong> 45\u20ac <br><strong>Tarif <strong>contr\u00f4le \u00e0 distance<\/strong><\/strong> <strong>deux heures avec d\u00e9compte \u00e0 la minute :<\/strong> 80\u20ac <br><br>Les frais de d\u00e9placement \u00e9ventuels (0.8\u20ac du km) sont compt\u00e9s depuis mon atelier de Chevreaux. En cas de refus de mon intervention, ou d&rsquo;impossibilit\u00e9 technique, les frais de d\u00e9placement restent dus.<\/p>\n\n\n\n<p class=\"has-neve-text-color-color has-text-color\" style=\"font-size:22px\">Vous pouvez privil\u00e9gier de d\u00e9poser votre mat\u00e9riel directement \u00e0 mon atelier ce qui pr\u00e9sente comme avantage un temps mieux optimis\u00e9 : une r\u00e9installation du syst\u00e8me, une sauvegarde, un scan antivirus, sont des actions longues que je peux laisser tourner en faisant autre chose, et donc sans compter de temps.<br>Ou bien d&rsquo;opter pour le contr\u00f4le \u00e0 distance de votre machine, bien que cette derni\u00e8re option soit limit\u00e9e aux probl\u00e8mes logiciels et n\u00e9cessite une ligne internet correcte.<br><br><br>Les r\u00e8glements sont possibles via WERO, virement bancaire, ch\u00e8que ou esp\u00e8ce.<br><\/p>\n<\/div>\n\n\n\n<div class=\"wp-block-column is-vertically-aligned-center is-layout-flow wp-block-column-is-layout-flow\" style=\"flex-basis:30%\"><div class=\"wp-block-image wp-duotone-unset-1\">\n<figure class=\"aligncenter size-full\"><img loading=\"lazy\" decoding=\"async\" width=\"600\" height=\"800\" src=\"https:\/\/2jl-informatique.fr\/wp-content\/uploads\/2026\/01\/800x600.jpg\" alt=\"\" class=\"wp-image-217\" srcset=\"https:\/\/2jl-informatique.fr\/wp-content\/uploads\/2026\/01\/800x600.jpg 600w, https:\/\/2jl-informatique.fr\/wp-content\/uploads\/2026\/01\/800x600-225x300.jpg 225w\" sizes=\"auto, (max-width: 600px) 100vw, 600px\" \/><\/figure>\n<\/div><\/div>\n<\/div>\n<\/div><\/div>\n<\/div><\/div>\n\n\n\n<div class=\"wp-block-cover alignfull\" style=\"min-height:448px;aspect-ratio:unset;\"><span aria-hidden=\"true\" class=\"wp-block-cover__background has-neve-link-color-background-color has-background-dim-100 has-background-dim\"><\/span><div class=\"wp-block-cover__inner-container is-layout-flow wp-block-cover-is-layout-flow\">\n<h2 class=\"wp-block-heading alignwide has-text-align-center\">Exemples de prestations<\/h2>\n\n\n\n<div class=\"wp-block-columns is-layout-flex wp-container-core-columns-is-layout-9d6595d7 wp-block-columns-is-layout-flex\">\n<div class=\"wp-block-column is-layout-flow wp-block-column-is-layout-flow\">\n<p class=\"has-medium-font-size\"><strong>Diagnostic<\/strong><br><br><br>\u2013 Evaluation de votre syst\u00e8me et recherche de probl\u00e8mes \u00e9ventuels<br>\u2013 Solutions envisag\u00e9es pour r\u00e9soudre les probl\u00e8mes rencontr\u00e9s<br>\u2013 Compte rendu du diagnostic effectu\u00e9<br>&#8211; R\u00e9paration imm\u00e9diate si probl\u00e8me identifi\u00e9 et rapide \u00e0 r\u00e9soudre<\/p>\n\n\n\n<p><br><\/p>\n<\/div>\n\n\n\n<div class=\"wp-block-column is-layout-flow wp-block-column-is-layout-flow\">\n<p class=\"has-medium-font-size\"><strong>Assistance, Maintenance et D\u00e9pannage<\/strong><br><br><strong>Entretien d\u2019un PC portable ou d\u2019une tour :<\/strong> environ 1h<br>\u2013 D\u00e9poussi\u00e9rage<br>\u2013 Effacement des fichiers temporaires inutiles<br>\u2013 D\u00e9sinstallation des programmes que vous n\u2019utilisez plus<br>\u2013 Optimisation du temps d\u2019allumage et d\u2019extinction.<br><br><strong>D\u00e9sinfection et S\u00e9curisation de votre ordinateur :<\/strong> environ 1h<br>\u2013 Supprimer les virus, cheval de Troie, spywares, etc.<br>\u2013 Installation d\u2019un antivirus et d\u2019un firewall<br>\u2013 Installation des derni\u00e8res mises \u00e0 jour syst\u00e8mes<br><br><strong>R\u00e9installation compl\u00e8te de votre PC :<\/strong> environ 2h <br>\u2013 La sauvegarde de vos donn\u00e9es personnelles (jusqu\u2019\u00e0 500Go)<br>\u2013 Formatage de votre disque dur<br>\u2013 R\u00e9installation de votre syst\u00e8me d\u2019exploitation et de l\u2019ensemble des pilotes n\u00e9cessaires \u00e0 votre syst\u00e8me et ses p\u00e9riph\u00e9riques<br>\u2013 Installation et param\u00e9trages de vos logiciels<br>\u2013 Contr\u00f4le du bon fonctionnement de votre syst\u00e8me, apr\u00e8s installation.<br><br><strong>R\u00e9-installation de votre connexion Internet \/r\u00e9seau (r\u00e9tablissement de la connexion) :<\/strong> 1h<br><br><strong>R\u00e9alisation d\u2019un moyen de sauvegarde sur votre mat\u00e9riel<\/strong> : 1h<\/p>\n<\/div>\n\n\n\n<div class=\"wp-block-column is-layout-flow wp-block-column-is-layout-flow\">\n<p class=\"has-medium-font-size\"><strong>Formations Informatique et Internet \u00e0 domicile<\/strong><br><br><strong>En fonction de vos besoins, diff\u00e9rents programmes de formations individuelles sont organis\u00e9es :<\/strong><br>Modules de deux heures minimum, \u00e0 domicile ou \u00e0 l&rsquo;atelier.<br>A titre d\u2019exemple :<br>&#8211; D\u00e9couvrir et apprendre \u00e0 utiliser un ordinateur, devenir autonome pour les fonctions de base<br>&#8211; Formation Internet pour apprendre \u00e0 utiliser (ou \u00e0 changer) votre navigateur Internet et les principaux moteurs de recherche (Google, Bing, Yahoo, etc.) <br>&#8211; Partager photos et vid\u00e9os sur le web<br>&#8211; Formation Bureautique, d\u00e9couverte des fonctions de base <br>\u2013 Traitement de texte (Microsoft Word ou OpenOffice Writer) tableur (Microsoft Excel ou OpenOffice Calc)<br>&#8211; Faire ses sauvegardes<br>&#8211; Apprendre \u00e0 utiliser un t\u00e9l\u00e9phone ou une tablette sous Android<br>Utiliser les r\u00e9seaux sociaux\u2026<br>&#8211; Mise en place d&rsquo;un logiciel de comptabilit\u00e9 en ligne ou en local avec Dolibarr<\/p>\n<\/div>\n<\/div>\n\n\n\n<div class=\"wp-block-columns is-layout-flex wp-container-core-columns-is-layout-9d6595d7 wp-block-columns-is-layout-flex\">\n<div class=\"wp-block-column is-layout-flow wp-block-column-is-layout-flow\">\n<p class=\"has-medium-font-size\"><strong>Solutions Internet 4G<\/strong><br><br><br>&#8211; Analyse pr\u00e9alable par t\u00e9l\u00e9phone pour le d\u00e9ploiement d\u2019un routeur 4G.<br>&#8211; Pr\u00e9paration du dossier en amont \u00e0 mon bureau pour conna\u00eetre l\u2019emplacement des antennes et des op\u00e9rateurs<br>&#8211; D\u00e9placement \u00e0 votre domicile avec le mat\u00e9riel n\u00e9cessaire aux tests (routeur, antennes ext\u00e9rieures, etc.) : environ 1h<br>&#8211; Rapport des possibilit\u00e9s, co\u00fbts, et des offres actuelles en forfait mobile.<br><br><strong>Installation simple d\u2019un routeur 4G et raccordement \u00e0 vos appareils :<\/strong> environ 1h<br><br>Pour toute installation complexe avec antenne \u00e0 l\u2019ext\u00e9rieur du domicile, un devis sera r\u00e9alis\u00e9 suite \u00e0 l\u2019analyse pr\u00e9alable \u00e0 votre domicile.<\/p>\n<\/div>\n\n\n\n<div class=\"wp-block-column is-layout-flow wp-block-column-is-layout-flow\">\n<p class=\"has-medium-font-size\"><strong>Installation Informatique \u00e0 domicile<\/strong><\/p>\n\n\n\n<p class=\"has-medium-font-size\"><strong>Installation de votre nouvel ordinateur et ses p\u00e9riph\u00e9riques : <\/strong>environ 1h <br>&#8211; D\u00e9ballage et l\u2019installation de votre PC et de vos p\u00e9riph\u00e9riques<br>&#8211; Installation et mise \u00e0 jour de votre syst\u00e8me d\u2019exploitation, des pilotes du syst\u00e8me, des p\u00e9riph\u00e9riques et de vos logiciels<br>&#8211; Configuration de votre connexion Internet<br>&#8211; Contr\u00f4le du fonctionnement optimal de votre syst\u00e8me apr\u00e8s installation.<br><\/p>\n\n\n\n<p class=\"has-medium-font-size\"><strong>Installation de votre r\u00e9seau personnel :<\/strong> environ 1h<br>&#8211; Installation de votre mat\u00e9riel r\u00e9seau : routeur filaire, Wifi et point d\u2019acc\u00e8s<br>&#8211; Mise en r\u00e9seau filaire et\/ou Wifi des ordinateurs<br>&#8211; Param\u00e9trage, s\u00e9curisation et contr\u00f4le de votre r\u00e9seau : partage de fichiers, de connexion Internet, et de p\u00e9riph\u00e9riques (imprimante, disque dur)<br><\/p>\n\n\n\n<p class=\"has-medium-font-size\"><strong>Installation et configuration box internet : <\/strong>environ 1h<br>Param\u00e9trage des \u00e9ventuels services associ\u00e9s (Internet, t\u00e9l\u00e9phone, TV)<br><br><strong>Installation\/configuration de mat\u00e9riel p\u00e9riph\u00e9rique (Imprimante, scanner, webcam\u2026) :<\/strong> environ 1\/2 heure<\/p>\n\n\n\n<p class=\"has-medium-font-size\"><br><strong>Installation de logiciels freeware ou de logiciels dont vous poss\u00e9dez la licence :<\/strong> environ 1\/2 heure<br>Param\u00e9trage tablettes et smartphones : environ 1h<\/p>\n<\/div>\n<\/div>\n<\/div><\/div>\n\n\n\n<div class=\"wp-block-columns is-layout-flex wp-container-core-columns-is-layout-9d6595d7 wp-block-columns-is-layout-flex\">\n<div class=\"wp-block-column is-layout-flow wp-block-column-is-layout-flow\"><\/div>\n<\/div>\n\n\n\n<div class=\"wp-block-columns is-layout-flex wp-container-core-columns-is-layout-9d6595d7 wp-block-columns-is-layout-flex\">\n<div class=\"wp-block-column is-vertically-aligned-bottom is-layout-flow wp-block-column-is-layout-flow\">\n<div class=\"wp-block-buttons is-content-justification-center is-layout-flex wp-container-core-buttons-is-layout-16018d1d wp-block-buttons-is-layout-flex\">\n<div class=\"wp-block-button\"><a class=\"wp-block-button__link wp-element-button\" href=\"https:\/\/2jl-informatique.fr\/index.php\/contact\">Contactez moi pour un devis<\/a><\/div>\n<\/div>\n<\/div>\n<\/div>\n\n\n\n<p><\/p>\n","protected":false},"excerpt":{"rendered":"","protected":false},"author":1,"featured_media":0,"parent":0,"menu_order":0,"comment_status":"closed","ping_status":"closed","template":"","meta":{"neve_meta_sidebar":"","neve_meta_container":"","neve_meta_enable_content_width":"on","neve_meta_content_width":100,"neve_meta_title_alignment":"","neve_meta_author_avatar":"","neve_post_elements_order":"","neve_meta_disable_header":"","neve_meta_disable_footer":"","neve_meta_disable_title":"on","footnotes":""},"class_list":["post-13","page","type-page","status-publish","hentry"],"_links":{"self":[{"href":"https:\/\/2jl-informatique.fr\/index.php\/wp-json\/wp\/v2\/pages\/13","targetHints":{"allow":["GET"]}}],"collection":[{"href":"https:\/\/2jl-informatique.fr\/index.php\/wp-json\/wp\/v2\/pages"}],"about":[{"href":"https:\/\/2jl-informatique.fr\/index.php\/wp-json\/wp\/v2\/types\/page"}],"author":[{"embeddable":true,"href":"https:\/\/2jl-informatique.fr\/index.php\/wp-json\/wp\/v2\/users\/1"}],"replies":[{"embeddable":true,"href":"https:\/\/2jl-informatique.fr\/index.php\/wp-json\/wp\/v2\/comments?post=13"}],"version-history":[{"count":34,"href":"https:\/\/2jl-informatique.fr\/index.php\/wp-json\/wp\/v2\/pages\/13\/revisions"}],"predecessor-version":[{"id":409,"href":"https:\/\/2jl-informatique.fr\/index.php\/wp-json\/wp\/v2\/pages\/13\/revisions\/409"}],"wp:attachment":[{"href":"https:\/\/2jl-informatique.fr\/index.php\/wp-json\/wp\/v2\/media?parent=13"}],"curies":[{"name":"wp","href":"https:\/\/api.w.org\/{rel}","templated":true}]}}