{"id":12,"date":"2026-01-16T20:12:20","date_gmt":"2026-01-16T18:12:20","guid":{"rendered":"https:\/\/2jl-informatique.fr\/?page_id=12"},"modified":"2026-01-26T22:23:34","modified_gmt":"2026-01-26T20:23:34","slug":"controle-a-distance","status":"publish","type":"page","link":"https:\/\/2jl-informatique.fr\/index.php\/controle-a-distance\/","title":{"rendered":"Contr\u00f4le \u00e0 distance"},"content":{"rendered":"\n<div class=\"wp-block-cover alignfull\" style=\"min-height:106px;aspect-ratio:unset;\"><span aria-hidden=\"true\" class=\"wp-block-cover__background has-nv-site-bg-background-color has-background-dim-100 has-background-dim\"><\/span><div class=\"wp-block-cover__inner-container is-layout-flow wp-block-cover-is-layout-flow\">\n<div class=\"wp-block-group\" style=\"padding-right:var(--wp--preset--spacing--30);padding-left:var(--wp--preset--spacing--30)\"><div class=\"wp-block-group__inner-container is-layout-flow wp-block-group-is-layout-flow\">\n<h1 class=\"wp-block-heading has-text-align-left has-neve-text-color-color has-text-color\">Contr\u00f4le \u00e0 distance<\/h1>\n<\/div><\/div>\n<\/div><\/div>\n\n\n\n<div class=\"wp-block-cover alignfull\" style=\"min-height:600px;aspect-ratio:unset;\"><span aria-hidden=\"true\" class=\"wp-block-cover__background has-nv-light-bg-background-color has-background-dim-100 has-background-dim\"><\/span><div class=\"wp-block-cover__inner-container is-layout-flow wp-block-cover-is-layout-flow\">\n<div class=\"wp-block-group\"><div class=\"wp-block-group__inner-container is-layout-flow wp-block-group-is-layout-flow\">\n<div style=\"height:88px\" aria-hidden=\"true\" class=\"wp-block-spacer\"><\/div>\n\n\n\n<div style=\"height:24px\" aria-hidden=\"true\" class=\"wp-block-spacer\"><\/div>\n\n\n\n<h3 class=\"wp-block-heading has-text-align-left has-neve-text-color-color has-text-color has-large-font-size\">Faites le choix du contr\u00f4le \u00e0 distance<\/h3>\n\n\n\n<p class=\"has-text-align-left has-neve-text-color-color has-text-color has-medium-font-size\">Les petits tracas du quotidien peuvent bien souvent \u00eatre r\u00e9solu \u00e0 distance (d\u00e9pendant de votre connexion internet).<br>Je vous propose une solution simple \u00e0 mettre en \u0153uvre fonctionnant sur la plupart des ordinateurs fixes et portables.<br>Contactez moi pour plus d&rsquo;informations.<\/p>\n\n\n\n<div class=\"wp-block-buttons has-custom-font-size has-small-font-size is-content-justification-left is-layout-flex wp-container-core-buttons-is-layout-fdcfc74e wp-block-buttons-is-layout-flex\">\n<div class=\"wp-block-button is-style-default\"><a class=\"wp-block-button__link has-nv-text-dark-bg-color has-neve-link-color-background-color has-text-color has-background has-link-color has-custom-font-size wp-element-button\" href=\"https:\/\/2jl-informatique.fr\/index.php\/contact\" style=\"font-size:16px\">Me contacter<\/a><\/div>\n<\/div>\n\n\n\n<div class=\"wp-block-columns is-layout-flex wp-container-core-columns-is-layout-9d6595d7 wp-block-columns-is-layout-flex\">\n<div class=\"wp-block-column is-layout-flow wp-block-column-is-layout-flow\"><\/div>\n<\/div>\n\n\n\n<figure class=\"wp-block-image size-full has-custom-border\"><img loading=\"lazy\" decoding=\"async\" width=\"800\" height=\"450\" src=\"https:\/\/2jl-informatique.fr\/wp-content\/uploads\/2026\/01\/800x450-169.jpg\" alt=\"\" class=\"wp-image-220\" style=\"border-radius:24px\" srcset=\"https:\/\/2jl-informatique.fr\/wp-content\/uploads\/2026\/01\/800x450-169.jpg 800w, https:\/\/2jl-informatique.fr\/wp-content\/uploads\/2026\/01\/800x450-169-300x169.jpg 300w, https:\/\/2jl-informatique.fr\/wp-content\/uploads\/2026\/01\/800x450-169-768x432.jpg 768w\" sizes=\"auto, (max-width: 800px) 100vw, 800px\" \/><\/figure>\n\n\n\n<div style=\"height:40px\" aria-hidden=\"true\" class=\"wp-block-spacer\"><\/div>\n\n\n\n<div style=\"height:40px\" aria-hidden=\"true\" class=\"wp-block-spacer\"><\/div>\n<\/div><\/div>\n<\/div><\/div>\n\n\n\n<div class=\"wp-block-columns is-layout-flex wp-container-core-columns-is-layout-9d6595d7 wp-block-columns-is-layout-flex\">\n<div class=\"wp-block-column is-layout-flow wp-block-column-is-layout-flow\">\n<h2 class=\"wp-block-heading has-text-align-left has-large-font-size\">Coup de pouce<\/h2>\n\n\n\n<h2 class=\"wp-block-heading\">30\u20ac &#8211; 30mn<\/h2>\n\n\n\n<ul class=\"wp-block-list\">\n<li><strong>Assistance informatique<\/strong><\/li>\n\n\n\n<li><strong>Optimisation de l\u2019ordinateur<\/strong><\/li>\n\n\n\n<li><strong>Publicit\u00e9s<\/strong><\/li>\n\n\n\n<li><strong>Messagerie<\/strong><\/li>\n\n\n\n<li><strong>Utilisable 1 seule fois<\/strong><\/li>\n<\/ul>\n<\/div>\n\n\n\n<div class=\"wp-block-column is-layout-flow wp-block-column-is-layout-flow\">\n<h2 class=\"wp-block-heading has-large-font-size\">Complet<\/h2>\n\n\n\n<h2 class=\"wp-block-heading\">45\u20ac &#8211; 1h<\/h2>\n\n\n\n<ul class=\"wp-block-list\">\n<li><strong>Assistance informatique<\/strong><\/li>\n\n\n\n<li><strong>Optimisation de l\u2019ordinateur<\/strong><\/li>\n\n\n\n<li><strong>Publicit\u00e9s<\/strong><\/li>\n\n\n\n<li><strong>Messagerie<\/strong><\/li>\n\n\n\n<li><strong>Nettoyage complet et contr\u00f4le de virus et de logiciel malveillant de votre ordinateur<\/strong><\/li>\n\n\n\n<li><strong>Utilisable 1 seule fois<\/strong><\/li>\n<\/ul>\n<\/div>\n\n\n\n<div class=\"wp-block-column is-layout-flow wp-block-column-is-layout-flow\">\n<h2 class=\"wp-block-heading has-large-font-size\">Forfait<\/h2>\n\n\n\n<h2 class=\"wp-block-heading\">80\u20ac &#8211; 2h<\/h2>\n\n\n\n<ul class=\"wp-block-list\">\n<li><strong>Assistance informatique<\/strong><\/li>\n\n\n\n<li><strong>Optimisation de l\u2019ordinateur<\/strong><\/li>\n\n\n\n<li><strong>Publicit\u00e9s<\/strong><\/li>\n\n\n\n<li><strong>Messagerie<\/strong><\/li>\n\n\n\n<li><strong>Nettoyage complet et contr\u00f4le de virus et de logiciel malveillant de votre ordinateur<\/strong><\/li>\n\n\n\n<li><strong><mark style=\"background-color:rgba(0, 0, 0, 0)\" class=\"has-inline-color has-nv-c-2-color\">Utilisable plusieurs fois, d\u00e9compte par minute<\/mark><\/strong><\/li>\n<\/ul>\n<\/div>\n<\/div>\n\n\n\n<div class=\"wp-block-cover alignfull\"><span aria-hidden=\"true\" class=\"wp-block-cover__background has-nv-site-bg-background-color has-background-dim-100 has-background-dim\"><\/span><div class=\"wp-block-cover__inner-container is-layout-flow wp-block-cover-is-layout-flow\">\n<div style=\"height:80px\" aria-hidden=\"true\" class=\"wp-block-spacer\"><\/div>\n\n\n\n<div class=\"wp-block-columns are-vertically-aligned-center is-layout-flex wp-container-core-columns-is-layout-9d6595d7 wp-block-columns-is-layout-flex\">\n<div class=\"wp-block-column is-vertically-aligned-center is-layout-flow wp-block-column-is-layout-flow\" style=\"padding-right:var(--wp--preset--spacing--30);padding-left:var(--wp--preset--spacing--30);flex-basis:50%\">\n<div style=\"height:20px\" aria-hidden=\"true\" class=\"wp-block-spacer\"><\/div>\n\n\n\n<h2 class=\"wp-block-heading has-text-align-left has-neve-text-color-color has-text-color has-large-font-size\">TightVNC<\/h2>\n\n\n\n<p class=\"has-text-align-left has-neve-text-color-color has-text-color has-medium-font-size\">Petit et tr\u00e8s l\u00e9ger, compatible avec toutes les versions de windows, et surtout gratuit, il est id\u00e9al pour le contr\u00f4le \u00e0 distance de tout ordinateur.<br>il est \u00e0 installer en version compl\u00e8te. Vous le trouverez sur le site du d\u00e9veloppeur, via le bouton ci-dessous.<br>Dans la majorit\u00e9 des cas, vous aurez besoin de la version <strong>Installer for Windows (64-bit)<\/strong><br>Un fichier pour \u00e9tablir un lien instantan\u00e9 vous sera envoy\u00e9 par mail.<\/p>\n\n\n\n<div class=\"wp-block-buttons has-custom-font-size has-small-font-size is-content-justification-left is-layout-flex wp-container-core-buttons-is-layout-fdcfc74e wp-block-buttons-is-layout-flex\">\n<div class=\"wp-block-button is-style-default\"><a class=\"wp-block-button__link has-nv-text-dark-bg-color has-neve-link-color-background-color has-text-color has-background has-link-color has-custom-font-size wp-element-button\" href=\"https:\/\/www.tightvnc.com\/download.php\" style=\"font-size:16px\" target=\"_blank\" rel=\"noreferrer noopener\">Page de t\u00e9l\u00e9chargement<\/a><\/div>\n<\/div>\n<\/div>\n\n\n\n<div class=\"wp-block-column is-vertically-aligned-center is-layout-flow wp-block-column-is-layout-flow\" style=\"padding-right:var(--wp--preset--spacing--30);padding-left:var(--wp--preset--spacing--30);flex-basis:50%\">\n<figure class=\"wp-block-image size-full has-custom-border is-style-default\"><img loading=\"lazy\" decoding=\"async\" width=\"360\" height=\"249\" src=\"https:\/\/2jl-informatique.fr\/wp-content\/uploads\/2026\/01\/tightvnc.png\" alt=\"\" class=\"wp-image-224\" style=\"border-radius:16px\" srcset=\"https:\/\/2jl-informatique.fr\/wp-content\/uploads\/2026\/01\/tightvnc.png 360w, https:\/\/2jl-informatique.fr\/wp-content\/uploads\/2026\/01\/tightvnc-300x208.png 300w\" sizes=\"auto, (max-width: 360px) 100vw, 360px\" \/><\/figure>\n<\/div>\n<\/div>\n\n\n\n<div style=\"height:50px\" aria-hidden=\"true\" class=\"wp-block-spacer\"><\/div>\n<\/div><\/div>\n","protected":false},"excerpt":{"rendered":"<p>Coup de pouce 30\u20ac &#8211; 30mn Complet 45\u20ac &#8211; 1h Forfait 80\u20ac &#8211; 2h<\/p>\n","protected":false},"author":1,"featured_media":0,"parent":0,"menu_order":0,"comment_status":"closed","ping_status":"closed","template":"","meta":{"neve_meta_sidebar":"","neve_meta_container":"","neve_meta_enable_content_width":"on","neve_meta_content_width":100,"neve_meta_title_alignment":"","neve_meta_author_avatar":"","neve_post_elements_order":"","neve_meta_disable_header":"","neve_meta_disable_footer":"","neve_meta_disable_title":"on","footnotes":""},"class_list":["post-12","page","type-page","status-publish","hentry"],"_links":{"self":[{"href":"https:\/\/2jl-informatique.fr\/index.php\/wp-json\/wp\/v2\/pages\/12","targetHints":{"allow":["GET"]}}],"collection":[{"href":"https:\/\/2jl-informatique.fr\/index.php\/wp-json\/wp\/v2\/pages"}],"about":[{"href":"https:\/\/2jl-informatique.fr\/index.php\/wp-json\/wp\/v2\/types\/page"}],"author":[{"embeddable":true,"href":"https:\/\/2jl-informatique.fr\/index.php\/wp-json\/wp\/v2\/users\/1"}],"replies":[{"embeddable":true,"href":"https:\/\/2jl-informatique.fr\/index.php\/wp-json\/wp\/v2\/comments?post=12"}],"version-history":[{"count":17,"href":"https:\/\/2jl-informatique.fr\/index.php\/wp-json\/wp\/v2\/pages\/12\/revisions"}],"predecessor-version":[{"id":393,"href":"https:\/\/2jl-informatique.fr\/index.php\/wp-json\/wp\/v2\/pages\/12\/revisions\/393"}],"wp:attachment":[{"href":"https:\/\/2jl-informatique.fr\/index.php\/wp-json\/wp\/v2\/media?parent=12"}],"curies":[{"name":"wp","href":"https:\/\/api.w.org\/{rel}","templated":true}]}}