{"id":11,"date":"2026-01-16T20:12:20","date_gmt":"2026-01-16T18:12:20","guid":{"rendered":"https:\/\/2jl-informatique.fr\/?page_id=11"},"modified":"2026-01-28T00:36:03","modified_gmt":"2026-01-27T22:36:03","slug":"contact","status":"publish","type":"page","link":"https:\/\/2jl-informatique.fr\/index.php\/contact\/","title":{"rendered":"Contact"},"content":{"rendered":"\n<div class=\"wp-block-cover aligncenter\" style=\"padding-right:0;padding-left:0;min-height:120px;aspect-ratio:unset;\"><span aria-hidden=\"true\" class=\"wp-block-cover__background has-nv-site-bg-background-color has-background-dim-100 has-background-dim\"><\/span><div class=\"wp-block-cover__inner-container is-layout-flow wp-block-cover-is-layout-flow\">\n<div class=\"wp-block-group\" style=\"padding-right:var(--wp--preset--spacing--30);padding-left:var(--wp--preset--spacing--30)\"><div class=\"wp-block-group__inner-container is-layout-flow wp-block-group-is-layout-flow\">\n<h1 class=\"wp-block-heading has-text-align-left has-neve-text-color-color has-text-color\">Me contacter<\/h1>\n<\/div><\/div>\n<\/div><\/div>\n\n\n\n<p><\/p>\n\n\n\n<div class=\"wp-block-columns is-layout-flex wp-container-core-columns-is-layout-9d6595d7 wp-block-columns-is-layout-flex\">\n<div class=\"wp-block-column is-layout-flow wp-block-column-is-layout-flow\" style=\"flex-basis:66.66%\">\n<h2 class=\"wp-block-heading has-text-align-left has-large-font-size\"><strong>\/!\\ Sur Rendez-vous Uniquement \/!\\<\/strong><\/h2>\n\n\n\n<p class=\"has-text-align-left has-medium-font-size\"><br>L&rsquo;atelier est ouvert au public <strong><mark style=\"background-color:rgba(0, 0, 0, 0)\" class=\"has-inline-color has-nv-c-2-color\">uniquement sur rendez-vous<\/mark><\/strong>, pour l&rsquo;enl\u00e8vement et la d\u00e9pose de votre mat\u00e9riel \u00e0 r\u00e9parer, une formation ou encore un devis.<br>Merci de me contacter pour convenir d&rsquo;un rendez-vous \u00e0 l&rsquo;atelier ou \u00e0 votre domicile.<br><br>Vous n&rsquo;avez pas le temps de m&rsquo;appeler ?Je ne suis pas disponible au t\u00e9l\u00e9phone ? Vous pr\u00e9f\u00e9rez \u00e9crire ?<\/p>\n\n\n\n<p class=\"has-medium-font-size\">Envoyez moi un message sur WhatsApp, je vous r\u00e9pond le plus rapidement possible.<\/p>\n<\/div>\n\n\n\n<div class=\"wp-block-column is-vertically-aligned-center is-layout-flow wp-block-column-is-layout-flow\" style=\"flex-basis:33.33%\">\n<iframe src=\"https:\/\/www.google.com\/maps\/embed?pb=!1m18!1m12!1m3!1d175784.46812796665!2d5.210037499724077!3d46.49559260000002!2m3!1f0!2f0!3f0!3m2!1i1024!2i768!4f13.1!3m3!1m2!1s0x633ba06f5ad87b6b%3A0x283f6c0706db7c4e!2s2JL%20Informatique!5e0!3m2!1sfr!2sfr!4v1769506550643!5m2!1sfr!2sfr\" width=\"400\" height=\"300\" style=\"border:0;\" allowfullscreen=\"\" loading=\"lazy\" referrerpolicy=\"no-referrer-when-downgrade\"><\/iframe>\n<\/div>\n<\/div>\n\n\n\n<div class=\"wp-block-columns is-layout-flex wp-container-core-columns-is-layout-9d6595d7 wp-block-columns-is-layout-flex\">\n<div class=\"wp-block-column is-layout-flow wp-block-column-is-layout-flow\"><\/div>\n\n\n\n<div class=\"wp-block-column is-layout-flow wp-block-column-is-layout-flow\"><\/div>\n\n\n\n<div class=\"wp-block-column is-layout-flow wp-block-column-is-layout-flow\"><\/div>\n<\/div>\n\n\n\n<p><\/p>\n\n\n\n<p><\/p>\n\n\n\n<p><\/p>\n\n\n\n<div class=\"wp-block-columns is-layout-flex wp-container-core-columns-is-layout-9d6595d7 wp-block-columns-is-layout-flex\">\n<div class=\"wp-block-column is-vertically-aligned-stretch is-layout-flow wp-block-column-is-layout-flow\" style=\"flex-basis:100%\">\n<div class=\"wp-block-columns alignwide are-vertically-aligned-center is-layout-flex wp-container-core-columns-is-layout-9d6595d7 wp-block-columns-is-layout-flex\">\n<div class=\"wp-block-column is-vertically-aligned-center is-layout-flow wp-block-column-is-layout-flow\" style=\"flex-basis:100%\">\n<div class=\"wp-block-columns alignwide is-layout-flex wp-container-core-columns-is-layout-9d6595d7 wp-block-columns-is-layout-flex\">\n<div class=\"wp-block-column is-vertically-aligned-stretch is-layout-flow wp-block-column-is-layout-flow\" style=\"flex-basis:100%\">\n<div class=\"wp-block-cover aligncenter\" style=\"min-height:804px;aspect-ratio:unset;\"><span aria-hidden=\"true\" class=\"wp-block-cover__background has-nv-light-bg-background-color has-background-dim-100 has-background-dim\"><\/span><div class=\"wp-block-cover__inner-container is-layout-flow wp-block-cover-is-layout-flow\">\n<div class=\"wp-block-columns is-layout-flex wp-container-core-columns-is-layout-9d6595d7 wp-block-columns-is-layout-flex\">\n<div class=\"wp-block-column is-layout-flow wp-block-column-is-layout-flow\">\n<div class=\"wp-block-group has-nv-site-bg-background-color has-background\" style=\"border-radius:24px\"><div class=\"wp-block-group__inner-container is-layout-flow wp-block-group-is-layout-flow\">\n<div style=\"height:24px\" aria-hidden=\"true\" class=\"wp-block-spacer\"><\/div>\n\n\n<div class=\"wp-block-image icon-style is-style-default\">\n<figure class=\"aligncenter size-full is-resized\"><img decoding=\"async\" src=\"https:\/\/2jl-informatique.fr\/wp-content\/themes\/neve\/assets\/img\/starter-content\/neve-marketing-icon-7.png\" alt=\"\" style=\"aspect-ratio:1.0141120277898394;width:142px;height:auto\"\/><\/figure>\n<\/div>\n\n\n<div style=\"height:24px\" aria-hidden=\"true\" class=\"wp-block-spacer\"><\/div>\n\n\n\n<h3 class=\"wp-block-heading has-text-align-center has-neve-text-color-color has-text-color\">M&rsquo;appeler<\/h3>\n\n\n\n<p class=\"has-text-align-center has-neve-text-color-color has-text-color has-medium-font-size\">06 12 50 94 76<br>Lundi &#8211; vendredi de 9h \u00e0 18h<br>samedi 10h &#8211; 18h<br><\/p>\n\n\n\n<p class=\"has-text-align-center has-medium-font-size\"><a href=\"tel:0612509476\"><strong>CLIQUEZ POUR APPELER <\/strong><\/a><br><a href=\"sms:0612509476\"><strong>ou envoyer un SMS<\/strong><\/a><br><\/p>\n\n\n\n<div style=\"height:36px\" aria-hidden=\"true\" class=\"wp-block-spacer\"><\/div>\n<\/div><\/div>\n<\/div>\n\n\n\n<div class=\"wp-block-column is-layout-flow wp-block-column-is-layout-flow\">\n<div class=\"wp-block-group has-nv-site-bg-background-color has-background\" style=\"border-radius:24px\"><div class=\"wp-block-group__inner-container is-layout-flow wp-block-group-is-layout-flow\">\n<div style=\"height:24px\" aria-hidden=\"true\" class=\"wp-block-spacer\"><\/div>\n\n\n<div class=\"wp-block-image icon-style is-style-default\">\n<figure class=\"aligncenter size-full is-resized\"><img loading=\"lazy\" decoding=\"async\" width=\"1000\" height=\"1000\" src=\"https:\/\/2jl-informatique.fr\/wp-content\/uploads\/2026\/01\/580b57fcd9996e24bc43c543.png\" alt=\"\" class=\"wp-image-284\" style=\"width:141px;height:auto\" srcset=\"https:\/\/2jl-informatique.fr\/wp-content\/uploads\/2026\/01\/580b57fcd9996e24bc43c543.png 1000w, https:\/\/2jl-informatique.fr\/wp-content\/uploads\/2026\/01\/580b57fcd9996e24bc43c543-300x300.png 300w, https:\/\/2jl-informatique.fr\/wp-content\/uploads\/2026\/01\/580b57fcd9996e24bc43c543-150x150.png 150w, https:\/\/2jl-informatique.fr\/wp-content\/uploads\/2026\/01\/580b57fcd9996e24bc43c543-768x768.png 768w\" sizes=\"auto, (max-width: 1000px) 100vw, 1000px\" \/><\/figure>\n<\/div>\n\n\n<div class=\"wp-block-group\"><div class=\"wp-block-group__inner-container is-layout-constrained wp-block-group-is-layout-constrained\">\n<h3 class=\"wp-block-heading has-text-align-center has-neve-text-color-color has-text-color\">Envoyez moi<br>un message directement sur WhatsApp<br><br><\/h3>\n\n\n\n<div class=\"wp-block-columns is-layout-flex wp-container-core-columns-is-layout-9d6595d7 wp-block-columns-is-layout-flex\">\n<div class=\"wp-block-column is-layout-flow wp-block-column-is-layout-flow\"><div class=\"wp-block-image\">\n<figure class=\"aligncenter size-full is-resized\"><a href=\"https:\/\/wa.me\/33612509476\" target=\"_blank\" rel=\" noreferrer noopener\"><img loading=\"lazy\" decoding=\"async\" width=\"378\" height=\"80\" src=\"https:\/\/2jl-informatique.fr\/wp-content\/uploads\/2026\/01\/420077459_703742575180618_3955965302853713788_n.png\" alt=\"\" class=\"wp-image-269\" style=\"aspect-ratio:4.726278877887789;width:224px;height:auto\" srcset=\"https:\/\/2jl-informatique.fr\/wp-content\/uploads\/2026\/01\/420077459_703742575180618_3955965302853713788_n.png 378w, https:\/\/2jl-informatique.fr\/wp-content\/uploads\/2026\/01\/420077459_703742575180618_3955965302853713788_n-300x63.png 300w\" sizes=\"auto, (max-width: 378px) 100vw, 378px\" \/><\/a><\/figure>\n<\/div><\/div>\n<\/div>\n\n\n\n<div class=\"wp-block-columns is-layout-flex wp-container-core-columns-is-layout-9d6595d7 wp-block-columns-is-layout-flex\">\n<div class=\"wp-block-column is-vertically-aligned-top is-layout-flow wp-block-column-is-layout-flow\"><div class=\"wp-block-image\">\n<figure class=\"aligncenter size-full is-resized\"><a href=\"https:\/\/wa.me\/33612509476\"><img loading=\"lazy\" decoding=\"async\" width=\"281\" height=\"284\" src=\"http:\/\/2jl-informatique.fr\/wp-content\/uploads\/2026\/01\/qr-whatsapp.png\" alt=\"\" class=\"wp-image-327\" style=\"aspect-ratio:0.9018025818639799;width:118px;height:auto\"\/><\/a><\/figure>\n<\/div>\n\n\n<p><\/p>\n<\/div>\n<\/div>\n<\/div><\/div>\n<\/div><\/div>\n<\/div>\n\n\n\n<div class=\"wp-block-column is-layout-flow wp-block-column-is-layout-flow\">\n<div class=\"wp-block-group has-nv-site-bg-background-color has-background\" style=\"border-radius:24px\"><div class=\"wp-block-group__inner-container is-layout-flow wp-block-group-is-layout-flow\">\n<div style=\"height:46px\" aria-hidden=\"true\" class=\"wp-block-spacer\"><\/div>\n\n\n<div class=\"wp-block-image icon-style is-style-default\">\n<figure class=\"aligncenter size-full is-resized\"><a href=\"https:\/\/www.facebook.com\/profile.php?id=61586632415233\"><img loading=\"lazy\" decoding=\"async\" width=\"250\" height=\"250\" src=\"https:\/\/2jl-informatique.fr\/wp-content\/uploads\/2026\/01\/584ac2d03ac3a570f94a666d.png\" alt=\"\" class=\"wp-image-289\" style=\"width:123px;height:auto\" srcset=\"https:\/\/2jl-informatique.fr\/wp-content\/uploads\/2026\/01\/584ac2d03ac3a570f94a666d.png 250w, https:\/\/2jl-informatique.fr\/wp-content\/uploads\/2026\/01\/584ac2d03ac3a570f94a666d-150x150.png 150w\" sizes=\"auto, (max-width: 250px) 100vw, 250px\" \/><\/a><\/figure>\n<\/div>\n\n\n<div style=\"height:24px\" aria-hidden=\"true\" class=\"wp-block-spacer\"><\/div>\n\n\n\n<h3 class=\"wp-block-heading has-text-align-center has-neve-text-color-color has-text-color has-large-font-size\"><a href=\"https:\/\/www.facebook.com\/profile.php?id=61586632415233\" target=\"_blank\" rel=\"noreferrer noopener\"><strong>2JL Informatique<\/strong><\/a><\/h3>\n\n\n\n<div class=\"wp-block-columns is-layout-flex wp-container-core-columns-is-layout-9d6595d7 wp-block-columns-is-layout-flex\">\n<div class=\"wp-block-column is-vertically-aligned-center is-layout-flow wp-block-column-is-layout-flow\"><div class=\"wp-block-image\">\n<figure class=\"aligncenter size-large is-resized\"><a href=\"https:\/\/m.me\/964339543425162\"><img loading=\"lazy\" decoding=\"async\" width=\"1015\" height=\"1024\" src=\"http:\/\/2jl-informatique.fr\/wp-content\/uploads\/2026\/01\/580b57fcd9996e24bc43c526-1015x1024.png\" alt=\"\" class=\"wp-image-307\" style=\"aspect-ratio:0.9913070965702545;width:80px;height:auto\" srcset=\"https:\/\/2jl-informatique.fr\/wp-content\/uploads\/2026\/01\/580b57fcd9996e24bc43c526-1015x1024.png 1015w, https:\/\/2jl-informatique.fr\/wp-content\/uploads\/2026\/01\/580b57fcd9996e24bc43c526-297x300.png 297w, https:\/\/2jl-informatique.fr\/wp-content\/uploads\/2026\/01\/580b57fcd9996e24bc43c526-150x150.png 150w, https:\/\/2jl-informatique.fr\/wp-content\/uploads\/2026\/01\/580b57fcd9996e24bc43c526-768x775.png 768w, https:\/\/2jl-informatique.fr\/wp-content\/uploads\/2026\/01\/580b57fcd9996e24bc43c526-1522x1536.png 1522w, https:\/\/2jl-informatique.fr\/wp-content\/uploads\/2026\/01\/580b57fcd9996e24bc43c526.png 2000w\" sizes=\"auto, (max-width: 1015px) 100vw, 1015px\" \/><\/a><\/figure>\n<\/div>\n\n\n<p class=\"has-text-align-center has-medium-font-size\"><a href=\"https:\/\/m.me\/964339543425162\">chat on messenger<\/a><\/p>\n<\/div>\n\n\n\n<div class=\"wp-block-column is-layout-flow wp-block-column-is-layout-flow\">\n<figure class=\"wp-block-image size-full is-resized\"><a href=\"https:\/\/m.me\/964339543425162\"><img loading=\"lazy\" decoding=\"async\" width=\"259\" height=\"261\" src=\"https:\/\/2jl-informatique.fr\/wp-content\/uploads\/2026\/01\/qr-messenger.png\" alt=\"\" class=\"wp-image-309\" style=\"aspect-ratio:0.9923896499238964;width:148px;height:auto\" srcset=\"https:\/\/2jl-informatique.fr\/wp-content\/uploads\/2026\/01\/qr-messenger.png 259w, https:\/\/2jl-informatique.fr\/wp-content\/uploads\/2026\/01\/qr-messenger-150x150.png 150w\" sizes=\"auto, (max-width: 259px) 100vw, 259px\" \/><\/a><\/figure>\n<\/div>\n<\/div>\n\n\n\n<div style=\"height:75px\" aria-hidden=\"true\" class=\"wp-block-spacer\"><\/div>\n<\/div><\/div>\n<\/div>\n<\/div>\n\n\n\n<div class=\"wp-block-columns is-layout-flex wp-container-core-columns-is-layout-9d6595d7 wp-block-columns-is-layout-flex\">\n<div class=\"wp-block-column is-layout-flow wp-block-column-is-layout-flow\">\n<div class=\"wp-block-group has-nv-site-bg-background-color has-background\" style=\"border-radius:24px\"><div class=\"wp-block-group__inner-container is-layout-flow wp-block-group-is-layout-flow\">\n<div style=\"height:24px\" aria-hidden=\"true\" class=\"wp-block-spacer\"><\/div>\n\n\n<div class=\"wp-block-image icon-style is-style-default\">\n<figure class=\"aligncenter size-full is-resized\"><img loading=\"lazy\" decoding=\"async\" width=\"676\" height=\"512\" src=\"https:\/\/2jl-informatique.fr\/wp-content\/uploads\/2026\/01\/5847fafdcef1014c0b5e48ce.png\" alt=\"\" class=\"wp-image-293\" style=\"aspect-ratio:1.3203480666167233;width:157px;height:auto\" srcset=\"https:\/\/2jl-informatique.fr\/wp-content\/uploads\/2026\/01\/5847fafdcef1014c0b5e48ce.png 676w, https:\/\/2jl-informatique.fr\/wp-content\/uploads\/2026\/01\/5847fafdcef1014c0b5e48ce-300x227.png 300w\" sizes=\"auto, (max-width: 676px) 100vw, 676px\" \/><\/figure>\n<\/div>\n\n\n<div style=\"height:24px\" aria-hidden=\"true\" class=\"wp-block-spacer\"><\/div>\n\n\n\n<h3 class=\"wp-block-heading has-text-align-center has-neve-text-color-color has-text-color has-large-font-size\">Email<\/h3>\n\n\n\n<p class=\"has-text-align-center has-neve-text-color-color has-text-color\" style=\"font-size:23px\"> <a href=\"mailto:contact@2jl-informatique.fr\">contact@2jl-informatique.fr<\/a> <\/p>\n\n\n\n<div style=\"height:75px\" aria-hidden=\"true\" class=\"wp-block-spacer\"><\/div>\n<\/div><\/div>\n<\/div>\n\n\n\n<div class=\"wp-block-column is-layout-flow wp-block-column-is-layout-flow\">\n<div class=\"wp-block-group has-nv-site-bg-background-color has-background\" style=\"border-radius:24px\"><div class=\"wp-block-group__inner-container is-layout-flow wp-block-group-is-layout-flow\">\n<div style=\"height:24px\" aria-hidden=\"true\" class=\"wp-block-spacer\"><\/div>\n\n\n<div class=\"wp-block-image icon-style is-style-default\">\n<figure class=\"aligncenter size-full is-resized\"><img loading=\"lazy\" decoding=\"async\" width=\"500\" height=\"512\" src=\"https:\/\/2jl-informatique.fr\/wp-content\/uploads\/2026\/01\/5847f9cbcef1014c0b5e48c8.png\" alt=\"\" class=\"wp-image-291\" style=\"width:135px;height:auto\" srcset=\"https:\/\/2jl-informatique.fr\/wp-content\/uploads\/2026\/01\/5847f9cbcef1014c0b5e48c8.png 500w, https:\/\/2jl-informatique.fr\/wp-content\/uploads\/2026\/01\/5847f9cbcef1014c0b5e48c8-293x300.png 293w\" sizes=\"auto, (max-width: 500px) 100vw, 500px\" \/><\/figure>\n<\/div>\n\n\n<div style=\"height:24px\" aria-hidden=\"true\" class=\"wp-block-spacer\"><\/div>\n\n\n\n<h3 class=\"wp-block-heading has-text-align-center has-neve-text-color-color has-text-color has-large-font-size\"><a href=\"https:\/\/maps.app.goo.gl\/7va8KgqHmmYFPxKW8\">Page Google<\/a><\/h3>\n\n\n\n<p class=\"has-text-align-center has-neve-text-color-color has-text-color\" style=\"font-size:15px\"><\/p>\n\n\n\n<div style=\"height:75px\" aria-hidden=\"true\" class=\"wp-block-spacer\"><\/div>\n<\/div><\/div>\n<\/div>\n\n\n\n<div class=\"wp-block-column is-layout-flow wp-block-column-is-layout-flow\">\n<div class=\"wp-block-group has-nv-site-bg-background-color has-background\" style=\"border-radius:24px\"><div class=\"wp-block-group__inner-container is-layout-flow wp-block-group-is-layout-flow\">\n<div style=\"height:24px\" aria-hidden=\"true\" class=\"wp-block-spacer\"><\/div>\n\n\n<div class=\"wp-block-image icon-style is-style-default\">\n<figure class=\"aligncenter size-full is-resized\"><img loading=\"lazy\" decoding=\"async\" width=\"422\" height=\"382\" src=\"https:\/\/2jl-informatique.fr\/wp-content\/uploads\/2026\/01\/61488124d329bb0004dbd345.png\" alt=\"\" class=\"wp-image-292\" style=\"aspect-ratio:1.104725168756027;width:183px;height:auto\" srcset=\"https:\/\/2jl-informatique.fr\/wp-content\/uploads\/2026\/01\/61488124d329bb0004dbd345.png 422w, https:\/\/2jl-informatique.fr\/wp-content\/uploads\/2026\/01\/61488124d329bb0004dbd345-300x272.png 300w\" sizes=\"auto, (max-width: 422px) 100vw, 422px\" \/><\/figure>\n<\/div>\n\n\n<div style=\"height:24px\" aria-hidden=\"true\" class=\"wp-block-spacer\"><\/div>\n\n\n\n<h3 class=\"wp-block-heading has-text-align-center has-neve-text-color-color has-text-color has-large-font-size\"> Adresse de l&rsquo;atelier <\/h3>\n\n\n\n<p class=\"has-text-align-center has-neve-text-color-color has-text-color\" style=\"font-size:22px\"><a href=\"https:\/\/maps.app.goo.gl\/JvFesEwJ4QTQtbNi6\">2 Route de Colonozet<\/a><br><a href=\"https:\/\/maps.app.goo.gl\/JvFesEwJ4QTQtbNi6\">39190 Chevreaux<\/a><\/p>\n\n\n\n<div style=\"height:75px\" aria-hidden=\"true\" class=\"wp-block-spacer\"><\/div>\n<\/div><\/div>\n<\/div>\n<\/div>\n\n\n\n<div class=\"wp-block-columns is-layout-flex wp-container-core-columns-is-layout-9d6595d7 wp-block-columns-is-layout-flex\">\n<div class=\"wp-block-column ticss-f6fc7494 is-layout-flow wp-block-column-is-layout-flow\" style=\"padding-right:var(--wp--preset--spacing--30);padding-left:var(--wp--preset--spacing--30)\"><\/div>\n\n\n\n<div class=\"wp-block-column ticss-a5b4df29 is-layout-flow wp-block-column-is-layout-flow\" style=\"padding-right:var(--wp--preset--spacing--30);padding-left:var(--wp--preset--spacing--30)\"><\/div>\n<\/div>\n<\/div><\/div>\n<\/div>\n<\/div>\n<\/div>\n<\/div>\n<\/div>\n<\/div>\n\n\n\n<div class=\"wp-block-cover alignfull\" style=\"min-height:396px;aspect-ratio:unset;\"><span aria-hidden=\"true\" class=\"wp-block-cover__background has-nv-dark-bg-background-color has-background-dim-100 has-background-dim\"><\/span><div class=\"wp-block-cover__inner-container is-layout-flow wp-block-cover-is-layout-flow\">\n<div class=\"wp-block-group\"><div class=\"wp-block-group__inner-container is-layout-flow wp-block-group-is-layout-flow\">\n<div class=\"wp-block-columns is-layout-flex wp-container-core-columns-is-layout-9d6595d7 wp-block-columns-is-layout-flex\">\n<div class=\"wp-block-column is-layout-flow wp-block-column-is-layout-flow\" style=\"padding-right:var(--wp--preset--spacing--30);padding-left:var(--wp--preset--spacing--30);flex-basis:50%\">\n<h2 class=\"wp-block-heading has-nv-text-dark-bg-color has-text-color\">Envoyez nous un message ou laissez nous un avis<\/h2>\n\n\n\n<ul class=\"wp-block-social-links has-normal-icon-size has-icon-color is-style-pill-shape is-layout-flex wp-block-social-links-is-layout-flex\"><li style=\"color:var(--nv-text-dark-bg);\" class=\"wp-social-link wp-social-link-facebook has-nv-text-dark-bg-color wp-block-social-link\"><a href=\"https:\/\/www.facebook.com\/profile.php?id=61586632415233\" class=\"wp-block-social-link-anchor\"><svg width=\"24\" height=\"24\" viewBox=\"0 0 24 24\" version=\"1.1\" xmlns=\"http:\/\/www.w3.org\/2000\/svg\" aria-hidden=\"true\" focusable=\"false\"><path d=\"M12 2C6.5 2 2 6.5 2 12c0 5 3.7 9.1 8.4 9.9v-7H7.9V12h2.5V9.8c0-2.5 1.5-3.9 3.8-3.9 1.1 0 2.2.2 2.2.2v2.5h-1.3c-1.2 0-1.6.8-1.6 1.6V12h2.8l-.4 2.9h-2.3v7C18.3 21.1 22 17 22 12c0-5.5-4.5-10-10-10z\"><\/path><\/svg><span class=\"wp-block-social-link-label screen-reader-text\">Facebook<\/span><\/a><\/li>\n\n<li style=\"color:var(--nv-text-dark-bg);\" class=\"wp-social-link wp-social-link-google has-nv-text-dark-bg-color wp-block-social-link\"><a href=\"https:\/\/g.page\/r\/CU582wYHbD8oEAE\/review\" class=\"wp-block-social-link-anchor\"><svg width=\"24\" height=\"24\" viewBox=\"0 0 24 24\" version=\"1.1\" xmlns=\"http:\/\/www.w3.org\/2000\/svg\" aria-hidden=\"true\" focusable=\"false\"><path d=\"M12.02,10.18v3.72v0.01h5.51c-0.26,1.57-1.67,4.22-5.5,4.22c-3.31,0-6.01-2.75-6.01-6.12s2.7-6.12,6.01-6.12 c1.87,0,3.13,0.8,3.85,1.48l2.84-2.76C16.99,2.99,14.73,2,12.03,2c-5.52,0-10,4.48-10,10s4.48,10,10,10c5.77,0,9.6-4.06,9.6-9.77 c0-0.83-0.11-1.42-0.25-2.05H12.02z\"><\/path><\/svg><span class=\"wp-block-social-link-label screen-reader-text\">Google<\/span><\/a><\/li><\/ul>\n<\/div>\n\n\n\n<div style=\"height:40px;width:0px\" aria-hidden=\"true\" class=\"wp-block-spacer wp-container-content-28f0cd9b\"><\/div>\n<\/div>\n<\/div><\/div>\n<\/div><\/div>\n\n\n\n<p><\/p>\n","protected":false},"excerpt":{"rendered":"<p>\/!\\ Sur Rendez-vous Uniquement \/!\\ L&rsquo;atelier est ouvert au public uniquement sur rendez-vous, pour l&rsquo;enl\u00e8vement et la d\u00e9pose de votre mat\u00e9riel \u00e0 r\u00e9parer, une formation ou encore un devis.Merci de me contacter pour convenir d&rsquo;un rendez-vous \u00e0 l&rsquo;atelier ou \u00e0 votre domicile. Vous n&rsquo;avez pas le temps de m&rsquo;appeler ?Je ne suis pas disponible au&hellip;&nbsp;<a href=\"https:\/\/2jl-informatique.fr\/index.php\/contact\/\" rel=\"bookmark\"><span class=\"screen-reader-text\">Contact<\/span><\/a><\/p>\n","protected":false},"author":1,"featured_media":0,"parent":0,"menu_order":0,"comment_status":"closed","ping_status":"closed","template":"","meta":{"neve_meta_sidebar":"","neve_meta_container":"","neve_meta_enable_content_width":"on","neve_meta_content_width":100,"neve_meta_title_alignment":"","neve_meta_author_avatar":"","neve_post_elements_order":"","neve_meta_disable_header":"","neve_meta_disable_footer":"","neve_meta_disable_title":"on","footnotes":""},"class_list":["post-11","page","type-page","status-publish","hentry"],"_links":{"self":[{"href":"https:\/\/2jl-informatique.fr\/index.php\/wp-json\/wp\/v2\/pages\/11","targetHints":{"allow":["GET"]}}],"collection":[{"href":"https:\/\/2jl-informatique.fr\/index.php\/wp-json\/wp\/v2\/pages"}],"about":[{"href":"https:\/\/2jl-informatique.fr\/index.php\/wp-json\/wp\/v2\/types\/page"}],"author":[{"embeddable":true,"href":"https:\/\/2jl-informatique.fr\/index.php\/wp-json\/wp\/v2\/users\/1"}],"replies":[{"embeddable":true,"href":"https:\/\/2jl-informatique.fr\/index.php\/wp-json\/wp\/v2\/comments?post=11"}],"version-history":[{"count":104,"href":"https:\/\/2jl-informatique.fr\/index.php\/wp-json\/wp\/v2\/pages\/11\/revisions"}],"predecessor-version":[{"id":413,"href":"https:\/\/2jl-informatique.fr\/index.php\/wp-json\/wp\/v2\/pages\/11\/revisions\/413"}],"wp:attachment":[{"href":"https:\/\/2jl-informatique.fr\/index.php\/wp-json\/wp\/v2\/media?parent=11"}],"curies":[{"name":"wp","href":"https:\/\/api.w.org\/{rel}","templated":true}]}}