{"id":10,"date":"2026-01-16T20:12:20","date_gmt":"2026-01-16T18:12:20","guid":{"rendered":"https:\/\/2jl-informatique.fr\/?page_id=10"},"modified":"2026-01-22T12:19:00","modified_gmt":"2026-01-22T10:19:00","slug":"a-propos","status":"publish","type":"page","link":"https:\/\/2jl-informatique.fr\/index.php\/a-propos\/","title":{"rendered":"\u00c0 propos"},"content":{"rendered":"\n<div class=\"wp-block-cover alignfull\" style=\"min-height:116px;aspect-ratio:unset;\"><span aria-hidden=\"true\" class=\"wp-block-cover__background has-nv-site-bg-background-color has-background-dim-100 has-background-dim\"><\/span><div class=\"wp-block-cover__inner-container is-layout-flow wp-block-cover-is-layout-flow\">\n<div class=\"wp-block-group\" style=\"padding-right:var(--wp--preset--spacing--30);padding-left:var(--wp--preset--spacing--30)\"><div class=\"wp-block-group__inner-container is-layout-flow wp-block-group-is-layout-flow\">\n<h1 class=\"wp-block-heading has-text-align-left has-neve-text-color-color has-text-color\">A propos<\/h1>\n<\/div><\/div>\n<\/div><\/div>\n\n\n\n<div class=\"wp-block-cover alignfull\" style=\"min-height:600px;aspect-ratio:unset;\"><span aria-hidden=\"true\" class=\"wp-block-cover__background has-nv-light-bg-background-color has-background-dim-100 has-background-dim\"><\/span><div class=\"wp-block-cover__inner-container is-layout-flow wp-block-cover-is-layout-flow\">\n<div class=\"wp-block-group\"><div class=\"wp-block-group__inner-container is-layout-flow wp-block-group-is-layout-flow\">\n<div style=\"height:80px\" aria-hidden=\"true\" class=\"wp-block-spacer\"><\/div>\n\n\n\n<div class=\"wp-block-columns are-vertically-aligned-center has-neve-text-color-color has-text-color is-layout-flex wp-container-core-columns-is-layout-9d6595d7 wp-block-columns-is-layout-flex\">\n<div class=\"wp-block-column is-vertically-aligned-center is-layout-flow wp-block-column-is-layout-flow\" style=\"padding-right:var(--wp--preset--spacing--30);padding-left:var(--wp--preset--spacing--30);flex-basis:50%\"><div class=\"wp-block-image wp-duotone-unset-1\">\n<figure class=\"aligncenter size-full is-resized has-custom-border\"><img loading=\"lazy\" decoding=\"async\" width=\"1218\" height=\"1218\" src=\"https:\/\/2jl-informatique.fr\/wp-content\/uploads\/2026\/01\/tete.jpg\" alt=\"\" class=\"wp-image-95\" style=\"border-radius:16px;width:290px;height:auto\" srcset=\"https:\/\/2jl-informatique.fr\/wp-content\/uploads\/2026\/01\/tete.jpg 1218w, https:\/\/2jl-informatique.fr\/wp-content\/uploads\/2026\/01\/tete-300x300.jpg 300w, https:\/\/2jl-informatique.fr\/wp-content\/uploads\/2026\/01\/tete-1024x1024.jpg 1024w, https:\/\/2jl-informatique.fr\/wp-content\/uploads\/2026\/01\/tete-150x150.jpg 150w, https:\/\/2jl-informatique.fr\/wp-content\/uploads\/2026\/01\/tete-768x768.jpg 768w\" sizes=\"auto, (max-width: 1218px) 100vw, 1218px\" \/><\/figure>\n<\/div><\/div>\n\n\n\n<div class=\"wp-block-column is-vertically-aligned-center is-layout-flow wp-block-column-is-layout-flow\" style=\"padding-top:0;padding-right:var(--wp--preset--spacing--30);padding-bottom:0;padding-left:var(--wp--preset--spacing--30);flex-basis:50%\">\n<h2 class=\"wp-block-heading has-neve-text-color-color has-text-color\">Qui suis-je&nbsp;?<\/h2>\n\n\n\n<p class=\"has-neve-text-color-color has-text-color\"><\/p>\n\n\n\n<p class=\"has-neve-text-color-color has-text-color\">Je suis J\u00e9r\u00f4me, passionn\u00e9 de nouvelles technologies et des moyens de communication depuis plus de 20 ans, je suis auto-entrepreneur dans le d\u00e9pannage informatique et t\u00e9l\u00e9com.<br>Vous pouvez me contacter pour tout probl\u00e8me informatique, r\u00e9seau, internet, etc\u2026 Je peux \u00e9galement vous proposer des solutions internet 4G performantes pour remplacer votre acc\u00e8s ADSL bas d\u00e9bit ou sortir d\u2019une zone blanche (non couverte).<br>Je vous propose de me d\u00e9poser votre mat\u00e9riel \u00e0 mon atelier afin de minimiser les co\u00fbts, ou bien de convenir avec vous d&rsquo;un d\u00e9pannage par contr\u00f4le \u00e0 distance, ou encore \u00e0 domicile (sur site  pour les entreprises).<\/p>\n<\/div>\n<\/div>\n\n\n\n<div style=\"height:40px\" aria-hidden=\"true\" class=\"wp-block-spacer\"><\/div>\n<\/div><\/div>\n<\/div><\/div>\n\n\n\n<div class=\"wp-block-cover alignfull\" style=\"min-height:600px;aspect-ratio:unset;\"><span aria-hidden=\"true\" class=\"wp-block-cover__background has-nv-dark-bg-background-color has-background-dim-100 has-background-dim\"><\/span><div class=\"wp-block-cover__inner-container is-layout-flow wp-block-cover-is-layout-flow\">\n<div class=\"wp-block-group\"><div class=\"wp-block-group__inner-container is-layout-flow wp-block-group-is-layout-flow\">\n<div style=\"height:80px\" aria-hidden=\"true\" class=\"wp-block-spacer\"><\/div>\n\n\n\n<div class=\"wp-block-columns are-vertically-aligned-center is-layout-flex wp-container-core-columns-is-layout-9d6595d7 wp-block-columns-is-layout-flex\">\n<div class=\"wp-block-column is-vertically-aligned-center is-layout-flow wp-block-column-is-layout-flow\" style=\"padding-right:var(--wp--preset--spacing--30);padding-left:var(--wp--preset--spacing--30);flex-basis:50%\">\n<h2 class=\"wp-block-heading has-nv-text-dark-bg-color has-text-color\">Mon parcours<\/h2>\n\n\n\n<p class=\"has-nv-text-dark-bg-color has-text-color\">D\u2019abord \u00e9lectrotechnicien, puis technicien informatique, et enfin technicien ADSL pour France Telecom dans la r\u00e9gion Ann\u00e9cienne, j\u2019ai suivi la voie qui m\u2019attire depuis toujours \u00e0 savoir&nbsp;; la technique de l\u2019outil informatique, des acc\u00e8s xDSL\/4G\/fibre, et l\u2019assistance aux abonn\u00e9s.<\/p>\n\n\n\n<p class=\"has-nv-text-dark-bg-color has-text-color\">Mon exp\u00e9rience professionnelle dans le m\u00e9tier m\u2019a encourag\u00e9 \u00e0 poursuivre dans cette direction, et \u00e0 mettre mes comp\u00e9tences au service des utilisateurs.<br>Mon cadre de vie actuel dans la petite montagne Jurassienne m\u2019a permis de d\u00e9velopper \u00e9galement des comp\u00e9tences dans le travail du bois, plomberie, m\u00e9canique, \u00e9lectricit\u00e9 et r\u00e9paration des objets du quotidien.\u00a0<br><br>R\u00e9parer plut\u00f4t que remplacer, voil\u00e0 ce que je me suis toujours efforc\u00e9 de faire et qui guide ma fa\u00e7on de travailler encore aujourd&rsquo;hui.<\/p>\n\n\n\n<div style=\"height:20px\" aria-hidden=\"true\" class=\"wp-block-spacer\"><\/div>\n\n\n\n<div class=\"wp-block-buttons has-custom-font-size has-small-font-size is-content-justification-left is-layout-flex wp-container-core-buttons-is-layout-fdcfc74e wp-block-buttons-is-layout-flex\">\n<div class=\"wp-block-button is-style-default\"><a class=\"wp-block-button__link has-nv-text-dark-bg-color has-neve-link-color-background-color has-text-color has-background has-link-color has-custom-font-size wp-element-button\" href=\"https:\/\/2jl-informatique.fr\/index.php\/contact\/\" style=\"font-size:16px\">Contactez-moi<\/a><\/div>\n<\/div>\n\n\n\n<div style=\"height:20px\" aria-hidden=\"true\" class=\"wp-block-spacer\"><\/div>\n<\/div>\n\n\n\n<div class=\"wp-block-column is-vertically-aligned-center is-layout-flow wp-block-column-is-layout-flow\" style=\"padding-right:var(--wp--preset--spacing--30);padding-left:var(--wp--preset--spacing--30);flex-basis:50%\"><div class=\"wp-block-image\">\n<figure class=\"aligncenter size-full has-custom-border\"><img loading=\"lazy\" decoding=\"async\" width=\"1344\" height=\"890\" src=\"https:\/\/2jl-informatique.fr\/wp-content\/uploads\/2026\/01\/carte-mere-2.jpg\" alt=\"\" class=\"wp-image-161\" style=\"border-radius:16px\" srcset=\"https:\/\/2jl-informatique.fr\/wp-content\/uploads\/2026\/01\/carte-mere-2.jpg 1344w, https:\/\/2jl-informatique.fr\/wp-content\/uploads\/2026\/01\/carte-mere-2-300x199.jpg 300w, https:\/\/2jl-informatique.fr\/wp-content\/uploads\/2026\/01\/carte-mere-2-1024x678.jpg 1024w, https:\/\/2jl-informatique.fr\/wp-content\/uploads\/2026\/01\/carte-mere-2-768x509.jpg 768w\" sizes=\"auto, (max-width: 1344px) 100vw, 1344px\" \/><\/figure>\n<\/div><\/div>\n<\/div>\n\n\n\n<div style=\"height:40px\" aria-hidden=\"true\" class=\"wp-block-spacer\"><\/div>\n<\/div><\/div>\n<\/div><\/div>\n\n\n\n<p><\/p>\n","protected":false},"excerpt":{"rendered":"","protected":false},"author":1,"featured_media":0,"parent":0,"menu_order":0,"comment_status":"closed","ping_status":"closed","template":"","meta":{"neve_meta_sidebar":"","neve_meta_container":"","neve_meta_enable_content_width":"on","neve_meta_content_width":100,"neve_meta_title_alignment":"","neve_meta_author_avatar":"","neve_post_elements_order":"","neve_meta_disable_header":"","neve_meta_disable_footer":"","neve_meta_disable_title":"on","footnotes":""},"class_list":["post-10","page","type-page","status-publish","hentry"],"_links":{"self":[{"href":"https:\/\/2jl-informatique.fr\/index.php\/wp-json\/wp\/v2\/pages\/10","targetHints":{"allow":["GET"]}}],"collection":[{"href":"https:\/\/2jl-informatique.fr\/index.php\/wp-json\/wp\/v2\/pages"}],"about":[{"href":"https:\/\/2jl-informatique.fr\/index.php\/wp-json\/wp\/v2\/types\/page"}],"author":[{"embeddable":true,"href":"https:\/\/2jl-informatique.fr\/index.php\/wp-json\/wp\/v2\/users\/1"}],"replies":[{"embeddable":true,"href":"https:\/\/2jl-informatique.fr\/index.php\/wp-json\/wp\/v2\/comments?post=10"}],"version-history":[{"count":15,"href":"https:\/\/2jl-informatique.fr\/index.php\/wp-json\/wp\/v2\/pages\/10\/revisions"}],"predecessor-version":[{"id":248,"href":"https:\/\/2jl-informatique.fr\/index.php\/wp-json\/wp\/v2\/pages\/10\/revisions\/248"}],"wp:attachment":[{"href":"https:\/\/2jl-informatique.fr\/index.php\/wp-json\/wp\/v2\/media?parent=10"}],"curies":[{"name":"wp","href":"https:\/\/api.w.org\/{rel}","templated":true}]}}